{"id":27,"date":"2026-03-17T13:53:31","date_gmt":"2026-03-17T11:53:31","guid":{"rendered":"https:\/\/savia.competencex.fi\/lms\/?page_id=27"},"modified":"2026-05-12T07:59:18","modified_gmt":"2026-05-12T04:59:18","slug":"etusivu","status":"publish","type":"page","link":"https:\/\/savia.competencex.fi\/lms\/","title":{"rendered":"Etusivu"},"content":{"rendered":"<div class=\"movid\">\n    <video class=\"movid-js vjs-big-play-centered\" data-movid=\"{&quot;src&quot;:&quot;https:\\\/\\\/d6o7hgoy1uz66.cloudfront.net\\\/savia\\\/2\\\/Nayttotallennus-2026-03-18-094600\\\/index.m3u8&quot;}\" crossorigin=\"anonymous\" id=\"MovidPlayer1\">\n        <source src=\"https:\/\/d6o7hgoy1uz66.cloudfront.net\/savia\/2\/Nayttotallennus-2026-03-18-094600\/index.mp4\">    <\/video>\n<\/div>\n\n\n<p><\/p>\n\n\n\n<h2 class=\"wp-block-heading\" style=\"font-size:29px\">Tervetuloa Savian teko\u00e4lyavusteiseen oppimisymp\u00e4rist\u00f6\u00f6n!<\/h2>\n\n\n\n<p class=\"has-medium-font-size\">Tutustu koulutusymp\u00e4rist\u00f6\u00f6n sek\u00e4 sen teko\u00e4lypohjaisiin ty\u00f6kaluihin!<\/p>\n\n\n\n<p class=\"has-medium-font-size\">Kun katsot verkko-oppimisymp\u00e4rist\u00f6\u00e4 tietokoneella, l\u00f6yd\u00e4t vasemmasta valikosta kaikki sinun oppimiseesi ja koulutusymp\u00e4rist\u00f6n hallinnointiin liittyv\u00e4t linkit ja ylh\u00e4\u00e4lt\u00e4 oikealta sinun profiilisi sek\u00e4 siihen liittyv\u00e4t asetukset. Mobiilissa l\u00f6yd\u00e4t kaikki linkit vasemman yl\u00e4valikon takaa.<\/p>\n\n\n\n<p><a href=\"https:\/\/savia.fi\/\">Savian verkkosivuille t\u00e4\u00e4lt\u00e4<\/a><\/p>\n","protected":false},"excerpt":{"rendered":"<p>Tervetuloa Savian teko\u00e4lyavusteiseen oppimisymp\u00e4rist\u00f6\u00f6n! Tutustu koulutusymp\u00e4rist\u00f6\u00f6n sek\u00e4 sen teko\u00e4lypohjaisiin ty\u00f6kaluihin! Kun katsot verkko-oppimisymp\u00e4rist\u00f6\u00e4 tietokoneella, l\u00f6yd\u00e4t vasemmasta valikosta kaikki sinun oppimiseesi ja koulutusymp\u00e4rist\u00f6n hallinnointiin liittyv\u00e4t linkit&hellip;<\/p>\n","protected":false},"author":1,"featured_media":0,"parent":0,"menu_order":0,"comment_status":"closed","ping_status":"closed","template":"","meta":{"footnotes":""},"class_list":["post-27","page","type-page","status-publish","hentry"],"_links":{"self":[{"href":"https:\/\/savia.competencex.fi\/lms\/wp-json\/wp\/v2\/pages\/27","targetHints":{"allow":["GET"]}}],"collection":[{"href":"https:\/\/savia.competencex.fi\/lms\/wp-json\/wp\/v2\/pages"}],"about":[{"href":"https:\/\/savia.competencex.fi\/lms\/wp-json\/wp\/v2\/types\/page"}],"author":[{"embeddable":true,"href":"https:\/\/savia.competencex.fi\/lms\/wp-json\/wp\/v2\/users\/1"}],"replies":[{"embeddable":true,"href":"https:\/\/savia.competencex.fi\/lms\/wp-json\/wp\/v2\/comments?post=27"}],"version-history":[{"count":9,"href":"https:\/\/savia.competencex.fi\/lms\/wp-json\/wp\/v2\/pages\/27\/revisions"}],"predecessor-version":[{"id":108,"href":"https:\/\/savia.competencex.fi\/lms\/wp-json\/wp\/v2\/pages\/27\/revisions\/108"}],"wp:attachment":[{"href":"https:\/\/savia.competencex.fi\/lms\/wp-json\/wp\/v2\/media?parent=27"}],"curies":[{"name":"wp","href":"https:\/\/api.w.org\/{rel}","templated":true}]}}